{"id":1725,"date":"2025-08-11T03:28:03","date_gmt":"2025-08-10T20:28:03","guid":{"rendered":"https:\/\/sbsc.com.vn\/privacy-policy\/"},"modified":"2025-10-09T17:01:02","modified_gmt":"2025-10-09T10:01:02","slug":"privacy-policy","status":"publish","type":"page","link":"https:\/\/sbsc.com.vn\/en\/privacy-policy\/","title":{"rendered":"Privacy policy"},"content":{"rendered":"&#13;\n<h2 class=\"wp-block-heading\">Who we are<\/h2>&#13;\n&#13;\n<p>Suggested text: Website address is: https:\/\/sbsc.com.vn.<\/p>&#13;\n&#13;\n<h2 class=\"wp-block-heading\">Comment<\/h2>&#13;\n&#13;\n<p>Suggested text: When visitors leave comments on the site we collect the data shown in the comments form, and also the visitor&#8217;s IP address and browser user agent string to help spam detection.<\/p>&#13;\n&#13;\n<p>An anonymized string created from your email address (also known as a hash) may be provided to the Gravatar service to see if you are using it. The privacy policy of the Gravatar service is available here: https:\/\/automattic.com\/privacy\/. After approval of your comment, your profile picture is visible to the public in the context of your comment.<\/p>&#13;\n&#13;\n<h2 class=\"wp-block-heading\">Media<\/h2>&#13;\n&#13;\n<p>Suggested text: If you upload images to the website, you should avoid uploading images with embedded location data (EXIF GPS) included. Visitors to the website can download and extract any location data from images on the website.<\/p>&#13;\n&#13;\n<h2 class=\"wp-block-heading\">Cookies<\/h2>&#13;\n&#13;\n<p>Suggested text: If you upload images to the website, you should avoid uploading images with embedded location data (EXIF GPS) included. Visitors to the website can download and extract any location data from images on the website.<\/p>&#13;\n&#13;\n<p>If you visit the login page, we will set a temporary cookie to determine if your browser allows cookies. This cookie does not include personal information and will be removed when you close your browser.<\/p>&#13;\n&#13;\n<p>When you log in, we will set several cookies to save your login information and display choices. The most recent login information is saved for two days, and the most recent display option is saved for one year. If you select &#8220;Remember me&#8221;, your login information will be saved for two weeks. If you log out of your account, your login cookie information will be deleted.<\/p>&#13;\n&#13;\n<p>N\u1ebfu b\u1ea1n s\u1eeda ho\u1eb7c xu\u1ea5t b\u1ea3n b\u00e0i vi\u1ebft, m\u1ed9t b\u1ea3n cookie b\u1ed5 sung s\u1ebd \u0111\u01b0\u1ee3c l\u01b0u trong tr\u00ecnh duy\u1ec7t. Cookie n\u00e0y kh\u00f4ng ch\u1ee9a th\u00f4ng tin c\u00e1 nh\u00e2n v\u00e0 ch\u1ec9 \u0111\u01a1n gi\u1ea3n bao g\u1ed3m ID c\u1ee7a b\u00e0i vi\u1ebft b\u1ea1n \u0111\u00e3 s\u1eeda. N\u00f3 t\u1ef1 \u0111\u1ed9ng h\u1ebft h\u1ea1n sau 1 ng\u00e0y.<\/p>&#13;\n&#13;\n<h2 class=\"wp-block-heading\">N\u1ed9i dung nh\u00fang t\u1eeb website kh\u00e1c<\/h2>&#13;\n&#13;\n<p><strong class=\"privacy-policy-tutorial\">V\u0103n b\u1ea3n \u0111\u01b0\u1ee3c \u0111\u1ec1 xu\u1ea5t: <\/strong>C\u00e1c b\u00e0i vi\u1ebft tr\u00ean trang web n\u00e0y c\u00f3 th\u1ec3 bao g\u1ed3m n\u1ed9i dung \u0111\u01b0\u1ee3c nh\u00fang (v\u00ed d\u1ee5: video, h\u00ecnh \u1ea3nh, b\u00e0i vi\u1ebft, v.v.). N\u1ed9i dung \u0111\u01b0\u1ee3c nh\u00fang t\u1eeb c\u00e1c trang web kh\u00e1c ho\u1ea1t \u0111\u1ed9ng theo c\u00f9ng m\u1ed9t c\u00e1ch ch\u00ednh x\u00e1c nh\u01b0 khi kh\u00e1ch truy c\u1eadp \u0111\u00e3 truy c\u1eadp trang web kh\u00e1c.<\/p>&#13;\n&#13;\n<p>Nh\u1eefng website n\u00e0y c\u00f3 th\u1ec3 thu th\u1eadp d\u1eef li\u1ec7u v\u1ec1 b\u1ea1n, s\u1eed d\u1ee5ng cookie, nh\u00fang c\u00e1c tr\u00ecnh theo d\u00f5i c\u1ee7a b\u00ean th\u1ee9 ba v\u00e0 gi\u00e1m s\u00e1t t\u01b0\u01a1ng t\u00e1c c\u1ee7a b\u1ea1n v\u1edbi n\u1ed9i dung \u0111\u01b0\u1ee3c nh\u00fang \u0111\u00f3, bao g\u1ed3m theo d\u00f5i t\u01b0\u01a1ng t\u00e1c c\u1ee7a b\u1ea1n v\u1edbi n\u1ed9i dung \u0111\u01b0\u1ee3c nh\u00fang n\u1ebfu b\u1ea1n c\u00f3 t\u00e0i kho\u1ea3n v\u00e0 \u0111\u00e3 \u0111\u0103ng nh\u1eadp v\u00e0o trang web \u0111\u00f3.<\/p>&#13;\n&#13;\n<h2 class=\"wp-block-heading\">Ch\u00fang t\u00f4i chia s\u1ebb d\u1eef li\u1ec7u c\u1ee7a b\u1ea1n v\u1edbi ai<\/h2>&#13;\n&#13;\n<p><strong class=\"privacy-policy-tutorial\">V\u0103n b\u1ea3n \u0111\u01b0\u1ee3c \u0111\u1ec1 xu\u1ea5t: <\/strong>N\u1ebfu b\u1ea1n y\u00eau c\u1ea7u \u0111\u1eb7t l\u1ea1i m\u1eadt kh\u1ea9u, \u0111\u1ecba ch\u1ec9 IP c\u1ee7a b\u1ea1n s\u1ebd \u0111\u01b0\u1ee3c bao g\u1ed3m trong email \u0111\u1eb7t l\u1ea1i.<\/p>&#13;\n&#13;\n<h2 class=\"wp-block-heading\">D\u1eef li\u1ec7u c\u1ee7a b\u1ea1n t\u1ed3n t\u1ea1i bao l\u00e2u<\/h2>&#13;\n&#13;\n<p><strong class=\"privacy-policy-tutorial\">V\u0103n b\u1ea3n \u0111\u01b0\u1ee3c \u0111\u1ec1 xu\u1ea5t: <\/strong>N\u1ebfu b\u1ea1n \u0111\u1ec3 l\u1ea1i b\u00ecnh lu\u1eadn, b\u00ecnh lu\u1eadn v\u00e0 si\u00eau d\u1eef li\u1ec7u c\u1ee7a n\u00f3 s\u1ebd \u0111\u01b0\u1ee3c gi\u1eef l\u1ea1i v\u00f4 th\u1eddi h\u1ea1n. \u0110i\u1ec1u n\u00e0y l\u00e0 \u0111\u1ec3 ch\u00fang t\u00f4i c\u00f3 th\u1ec3 t\u1ef1 \u0111\u1ed9ng nh\u1eadn ra v\u00e0 ch\u1ea5p nh\u1eadn b\u1ea5t k\u1ef3 b\u00ecnh lu\u1eadn n\u00e0o thay v\u00ec gi\u1eef ch\u00fang trong khu v\u1ef1c \u0111\u1ee3i ki\u1ec3m duy\u1ec7t.<\/p>&#13;\n&#13;\n<p>\u0110\u1ed1i v\u1edbi ng\u01b0\u1eddi d\u00f9ng \u0111\u0103ng k\u00fd tr\u00ean trang web c\u1ee7a ch\u00fang t\u00f4i (n\u1ebfu c\u00f3), ch\u00fang t\u00f4i c\u0169ng l\u01b0u tr\u1eef th\u00f4ng tin c\u00e1 nh\u00e2n m\u00e0 h\u1ecd cung c\u1ea5p trong h\u1ed3 s\u01a1 ng\u01b0\u1eddi d\u00f9ng c\u1ee7a h\u1ecd. T\u1ea5t c\u1ea3 ng\u01b0\u1eddi d\u00f9ng c\u00f3 th\u1ec3 xem, ch\u1ec9nh s\u1eeda ho\u1eb7c x\u00f3a th\u00f4ng tin c\u00e1 nh\u00e2n c\u1ee7a h\u1ecd b\u1ea5t k\u1ef3 l\u00fac n\u00e0o (ngo\u1ea1i tr\u1eeb h\u1ecd kh\u00f4ng th\u1ec3 thay \u0111\u1ed5i t\u00ean ng\u01b0\u1eddi d\u00f9ng c\u1ee7a h\u1ecd). Qu\u1ea3n tr\u1ecb vi\u00ean trang web c\u0169ng c\u00f3 th\u1ec3 xem v\u00e0 ch\u1ec9nh s\u1eeda th\u00f4ng tin \u0111\u00f3.<\/p>&#13;\n&#13;\n<h2 class=\"wp-block-heading\">C\u00e1c quy\u1ec1n n\u00e0o c\u1ee7a b\u1ea1n v\u1edbi d\u1eef li\u1ec7u c\u1ee7a m\u00ecnh<\/h2>&#13;\n&#13;\n<p><strong class=\"privacy-policy-tutorial\">V\u0103n b\u1ea3n \u0111\u01b0\u1ee3c \u0111\u1ec1 xu\u1ea5t: <\/strong>N\u1ebfu b\u1ea1n c\u00f3 t\u00e0i kho\u1ea3n tr\u00ean trang web n\u00e0y ho\u1eb7c \u0111\u00e3 \u0111\u1ec3 l\u1ea1i nh\u1eadn x\u00e9t, b\u1ea1n c\u00f3 th\u1ec3 y\u00eau c\u1ea7u nh\u1eadn t\u1ec7p xu\u1ea5t d\u1eef li\u1ec7u c\u00e1 nh\u00e2n m\u00e0 ch\u00fang t\u00f4i l\u01b0u gi\u1eef v\u1ec1 b\u1ea1n, bao g\u1ed3m m\u1ecdi d\u1eef li\u1ec7u b\u1ea1n \u0111\u00e3 cung c\u1ea5p cho ch\u00fang t\u00f4i. B\u1ea1n c\u0169ng c\u00f3 th\u1ec3 y\u00eau c\u1ea7u ch\u00fang t\u00f4i x\u00f3a m\u1ecdi d\u1eef li\u1ec7u c\u00e1 nh\u00e2n m\u00e0 ch\u00fang t\u00f4i l\u01b0u gi\u1eef v\u1ec1 b\u1ea1n. \u0110i\u1ec1u n\u00e0y kh\u00f4ng bao g\u1ed3m b\u1ea5t k\u1ef3 d\u1eef li\u1ec7u n\u00e0o ch\u00fang t\u00f4i c\u00f3 ngh\u0129a v\u1ee5 gi\u1eef cho c\u00e1c m\u1ee5c \u0111\u00edch h\u00e0nh ch\u00ednh, ph\u00e1p l\u00fd ho\u1eb7c b\u1ea3o m\u1eadt.<\/p>&#13;\n&#13;\n<h2 class=\"wp-block-heading\">D\u1eef li\u1ec7u c\u1ee7a b\u1ea1n \u0111\u01b0\u1ee3c g\u1eedi \u0111\u1ebfn \u0111\u00e2u<\/h2>&#13;\n&#13;\n<p><strong class=\"privacy-policy-tutorial\">V\u0103n b\u1ea3n \u0111\u01b0\u1ee3c \u0111\u1ec1 xu\u1ea5t: <\/strong>C\u00e1c b\u00ecnh lu\u1eadn c\u1ee7a kh\u00e1ch (kh\u00f4ng ph\u1ea3i l\u00e0 th\u00e0nh vi\u00ean) c\u00f3 th\u1ec3 \u0111\u01b0\u1ee3c ki\u1ec3m tra th\u00f4ng qua d\u1ecbch v\u1ee5 t\u1ef1 \u0111\u1ed9ng ph\u00e1t hi\u1ec7n b\u00ecnh lu\u1eadn r\u00e1c.<\/p>&#13;\n<p>sdfsd<\/p>\n","protected":false},"excerpt":{"rendered":"<p>&#13; Who we are &#13; &#13; Suggested text: Website address is: https:\/\/sbsc.com.vn. &#13; &#13; Comment &#13; &#13; Suggested text: When visitors leave comments on the site we collect the data shown in the comments form, and also the visitor&#8217;s IP address and browser user agent string to help spam detection. &#13; &#13; An anonymized string [&hellip;]<\/p>\n","protected":false},"author":1,"featured_media":0,"parent":0,"menu_order":0,"comment_status":"closed","ping_status":"closed","template":"","meta":{"_acf_changed":false,"inline_featured_image":false,"footnotes":""},"class_list":["post-1725","page","type-page","status-publish","hentry"],"acf":[],"yoast_head":"<title>Privacy policy - SBS Securities Joint Stock Company (SBS)<\/title>\n<meta name=\"robots\" content=\"index, follow, max-snippet:-1, max-image-preview:large, max-video-preview:-1\" \/>\n<link rel=\"canonical\" href=\"https:\/\/sbsc.com.vn\/en\/privacy-policy\/\" \/>\n<meta property=\"og:locale\" content=\"en_US\" \/>\n<meta property=\"og:type\" content=\"article\" \/>\n<meta property=\"og:title\" content=\"Privacy policy - SBS Securities Joint Stock Company (SBS)\" \/>\n<meta property=\"og:description\" content=\"&#013; Who we are &#013; &#013; Suggested text: Website address is: https:\/\/sbsc.com.vn. &#013; &#013; Comment &#013; &#013; Suggested text: When visitors leave comments on the site we collect the data shown in the comments form, and also the visitor&#8217;s IP address and browser user agent string to help spam detection. &#013; &#013; An anonymized string [&hellip;]\" \/>\n<meta property=\"og:url\" content=\"https:\/\/sbsc.com.vn\/en\/privacy-policy\/\" \/>\n<meta property=\"og:site_name\" content=\"SBS Securities Joint Stock Company (SBS)\" \/>\n<meta property=\"article:modified_time\" content=\"2025-10-09T10:01:02+00:00\" \/>\n<meta name=\"twitter:card\" content=\"summary_large_image\" \/>\n<meta name=\"twitter:label1\" content=\"Est. reading time\" \/>\n\t<meta name=\"twitter:data1\" content=\"5 minutes\" \/>\n<script type=\"application\/ld+json\" class=\"yoast-schema-graph\">{\"@context\":\"https:\/\/schema.org\",\"@graph\":[{\"@type\":\"WebPage\",\"@id\":\"https:\/\/sbsc.com.vn\/en\/privacy-policy\/\",\"url\":\"https:\/\/sbsc.com.vn\/en\/privacy-policy\/\",\"name\":\"Privacy policy - SBS Securities Joint Stock Company (SBS)\",\"isPartOf\":{\"@id\":\"https:\/\/sbsc.com.vn\/en\/#website\"},\"datePublished\":\"2025-08-10T20:28:03+00:00\",\"dateModified\":\"2025-10-09T10:01:02+00:00\",\"breadcrumb\":{\"@id\":\"https:\/\/sbsc.com.vn\/en\/privacy-policy\/#breadcrumb\"},\"inLanguage\":\"en-US\",\"potentialAction\":[{\"@type\":\"ReadAction\",\"target\":[\"https:\/\/sbsc.com.vn\/en\/privacy-policy\/\"]}]},{\"@type\":\"BreadcrumbList\",\"@id\":\"https:\/\/sbsc.com.vn\/en\/privacy-policy\/#breadcrumb\",\"itemListElement\":[{\"@type\":\"ListItem\",\"position\":1,\"name\":\"Home\",\"item\":\"https:\/\/sbsc.com.vn\/en\/\"},{\"@type\":\"ListItem\",\"position\":2,\"name\":\"Privacy policy\"}]},{\"@type\":\"WebSite\",\"@id\":\"https:\/\/sbsc.com.vn\/en\/#website\",\"url\":\"https:\/\/sbsc.com.vn\/en\/\",\"name\":\"C\u00f4ng ty C\u1ed5 ph\u1ea7n Ch\u1ee9ng kho\u00e1n SBS\",\"description\":\"\",\"publisher\":{\"@id\":\"https:\/\/sbsc.com.vn\/en\/#organization\"},\"potentialAction\":[{\"@type\":\"SearchAction\",\"target\":{\"@type\":\"EntryPoint\",\"urlTemplate\":\"https:\/\/sbsc.com.vn\/en\/?s={search_term_string}\"},\"query-input\":{\"@type\":\"PropertyValueSpecification\",\"valueRequired\":true,\"valueName\":\"search_term_string\"}}],\"inLanguage\":\"en-US\"},{\"@type\":\"Organization\",\"@id\":\"https:\/\/sbsc.com.vn\/en\/#organization\",\"name\":\"C\u00f4ng ty C\u1ed5 ph\u1ea7n Ch\u1ee9ng kho\u00e1n SBS\",\"url\":\"https:\/\/sbsc.com.vn\/en\/\",\"logo\":{\"@type\":\"ImageObject\",\"inLanguage\":\"en-US\",\"@id\":\"https:\/\/sbsc.com.vn\/en\/#\/schema\/logo\/image\/\",\"url\":\"https:\/\/sbsc.com.vn\/wp-content\/uploads\/2025\/09\/logo_sbs-11.webp\",\"contentUrl\":\"https:\/\/sbsc.com.vn\/wp-content\/uploads\/2025\/09\/logo_sbs-11.webp\",\"width\":916,\"height\":320,\"caption\":\"C\u00f4ng ty C\u1ed5 ph\u1ea7n Ch\u1ee9ng kho\u00e1n SBS\"},\"image\":{\"@id\":\"https:\/\/sbsc.com.vn\/en\/#\/schema\/logo\/image\/\"}}]}<\/script>","yoast_head_json":{"title":"Privacy policy - SBS Securities Joint Stock Company (SBS)","robots":{"index":"index","follow":"follow","max-snippet":"max-snippet:-1","max-image-preview":"max-image-preview:large","max-video-preview":"max-video-preview:-1"},"canonical":"https:\/\/sbsc.com.vn\/en\/privacy-policy\/","og_locale":"en_US","og_type":"article","og_title":"Privacy policy - SBS Securities Joint Stock Company (SBS)","og_description":"&#13; Who we are &#13; &#13; Suggested text: Website address is: https:\/\/sbsc.com.vn. &#13; &#13; Comment &#13; &#13; Suggested text: When visitors leave comments on the site we collect the data shown in the comments form, and also the visitor&#8217;s IP address and browser user agent string to help spam detection. &#13; &#13; An anonymized string [&hellip;]","og_url":"https:\/\/sbsc.com.vn\/en\/privacy-policy\/","og_site_name":"SBS Securities Joint Stock Company (SBS)","article_modified_time":"2025-10-09T10:01:02+00:00","twitter_card":"summary_large_image","twitter_misc":{"Est. reading time":"5 minutes"},"schema":{"@context":"https:\/\/schema.org","@graph":[{"@type":"WebPage","@id":"https:\/\/sbsc.com.vn\/en\/privacy-policy\/","url":"https:\/\/sbsc.com.vn\/en\/privacy-policy\/","name":"Privacy policy - SBS Securities Joint Stock Company (SBS)","isPartOf":{"@id":"https:\/\/sbsc.com.vn\/en\/#website"},"datePublished":"2025-08-10T20:28:03+00:00","dateModified":"2025-10-09T10:01:02+00:00","breadcrumb":{"@id":"https:\/\/sbsc.com.vn\/en\/privacy-policy\/#breadcrumb"},"inLanguage":"en-US","potentialAction":[{"@type":"ReadAction","target":["https:\/\/sbsc.com.vn\/en\/privacy-policy\/"]}]},{"@type":"BreadcrumbList","@id":"https:\/\/sbsc.com.vn\/en\/privacy-policy\/#breadcrumb","itemListElement":[{"@type":"ListItem","position":1,"name":"Home","item":"https:\/\/sbsc.com.vn\/en\/"},{"@type":"ListItem","position":2,"name":"Privacy policy"}]},{"@type":"WebSite","@id":"https:\/\/sbsc.com.vn\/en\/#website","url":"https:\/\/sbsc.com.vn\/en\/","name":"C\u00f4ng ty C\u1ed5 ph\u1ea7n Ch\u1ee9ng kho\u00e1n SBS","description":"","publisher":{"@id":"https:\/\/sbsc.com.vn\/en\/#organization"},"potentialAction":[{"@type":"SearchAction","target":{"@type":"EntryPoint","urlTemplate":"https:\/\/sbsc.com.vn\/en\/?s={search_term_string}"},"query-input":{"@type":"PropertyValueSpecification","valueRequired":true,"valueName":"search_term_string"}}],"inLanguage":"en-US"},{"@type":"Organization","@id":"https:\/\/sbsc.com.vn\/en\/#organization","name":"C\u00f4ng ty C\u1ed5 ph\u1ea7n Ch\u1ee9ng kho\u00e1n SBS","url":"https:\/\/sbsc.com.vn\/en\/","logo":{"@type":"ImageObject","inLanguage":"en-US","@id":"https:\/\/sbsc.com.vn\/en\/#\/schema\/logo\/image\/","url":"https:\/\/sbsc.com.vn\/wp-content\/uploads\/2025\/09\/logo_sbs-11.webp","contentUrl":"https:\/\/sbsc.com.vn\/wp-content\/uploads\/2025\/09\/logo_sbs-11.webp","width":916,"height":320,"caption":"C\u00f4ng ty C\u1ed5 ph\u1ea7n Ch\u1ee9ng kho\u00e1n SBS"},"image":{"@id":"https:\/\/sbsc.com.vn\/en\/#\/schema\/logo\/image\/"}}]}},"_links":{"self":[{"href":"https:\/\/sbsc.com.vn\/en\/wp-json\/wp\/v2\/pages\/1725","targetHints":{"allow":["GET"]}}],"collection":[{"href":"https:\/\/sbsc.com.vn\/en\/wp-json\/wp\/v2\/pages"}],"about":[{"href":"https:\/\/sbsc.com.vn\/en\/wp-json\/wp\/v2\/types\/page"}],"author":[{"embeddable":true,"href":"https:\/\/sbsc.com.vn\/en\/wp-json\/wp\/v2\/users\/1"}],"replies":[{"embeddable":true,"href":"https:\/\/sbsc.com.vn\/en\/wp-json\/wp\/v2\/comments?post=1725"}],"version-history":[{"count":0,"href":"https:\/\/sbsc.com.vn\/en\/wp-json\/wp\/v2\/pages\/1725\/revisions"}],"wp:attachment":[{"href":"https:\/\/sbsc.com.vn\/en\/wp-json\/wp\/v2\/media?parent=1725"}],"curies":[{"name":"wp","href":"https:\/\/api.w.org\/{rel}","templated":true}]}}